{"id":459,"date":"2020-06-18T15:33:03","date_gmt":"2020-06-18T18:33:03","guid":{"rendered":"https:\/\/cel.fclar.unesp.br\/ingles\/?page_id=459"},"modified":"2022-11-17T21:02:07","modified_gmt":"2022-11-18T00:02:07","slug":"gestures-around-the-world-flipgrid","status":"publish","type":"page","link":"https:\/\/raple.fclar.unesp.br\/ingles\/gestures-around-the-world-flipgrid\/","title":{"rendered":"Adivinha\u00e7\u00e3o e significado"},"content":{"rendered":"\n<p><strong>Autoria: Profa. <\/strong>V\u00edvian N\u00e1dia Ribeiro de Moraes Caruzzo<\/p>\n\n\n\n<div class=\"wp-block-image\"><figure class=\"aligncenter\"><img decoding=\"async\" src=\"https:\/\/lh4.googleusercontent.com\/52p0LOQjQZrJp_xl11rIrvVwWZ3p6Q-l2xaxXjeljIJmlrCSPGuDqqifEsCYF3ciPZNZaS4JP8ASDtMqPCrCHcSNb4v6hMg7Fre-lVecoT9cUlBQEzqK1Vjc5S1LL_1JSvi-4tY9\" alt=\"\" \/><\/figure><\/div>\n\n\n\n<ul class=\"wp-block-list\"><li>Tr\u00eas op\u00e7\u00f5es de procedimento:<\/li><\/ul>\n\n\n\n<ol class=\"wp-block-list\"><li>Alunos assistem aos v\u00eddeos individualmente ou em grupos e gravam suas respostas, no formato de v\u00eddeo, falando sobre seus palpites em rela\u00e7\u00e3o ao <strong>pa\u00eds de origem<\/strong> e <strong>significado<\/strong> dos gestos.<\/li><li>Alunos assistem a atividade em duplas e tentam adivinhar <strong>pa\u00eds de origem<\/strong> e <strong>significado<\/strong> dos gestos juntos, reportando seus palpites para a sala.<\/li><li>A sala toda assiste aos v\u00eddeos e tenta adivinhar <strong>pa\u00eds de origem<\/strong> e <strong>significado<\/strong> dos gestos, como uma atividade de conversation. (https:\/\/flipgrid.com\/6b13d6ed)<\/li><\/ol>\n\n\n\n<p class=\"has-text-align-center\"><strong>Respostas<\/strong><\/p>\n\n\n\n<p>Brazil: We can use it to suggest that two people seem to be a romantic couple or that they are doing something together<\/p>\n\n\n\n<p>India: It means \u201chow much does it cost?\u201d<\/p>\n\n\n\n<p>Italy: It means \u201cgo away\u201d<\/p>\n\n\n\n<p>Nigeria: It means &#8220;finished&#8221; or &#8220;I am done&#8221;<\/p>\n\n\n\n<p>Poland: It means &#8220;let&#8217;s get drunk&#8221;<\/p>\n\n\n\n<p>Germany: It means \u201cshut up and listen\u201d<\/p>\n","protected":false},"excerpt":{"rendered":"<p>Autoria: Profa. V\u00edvian N\u00e1dia Ribeiro de Moraes Caruzzo Tr\u00eas op\u00e7\u00f5es de procedimento: Alunos assistem aos v\u00eddeos individualmente ou em grupos e gravam suas respostas, no formato de v\u00eddeo, falando sobre seus palpites em rela\u00e7\u00e3o ao pa\u00eds de origem e significado dos gestos. Alunos assistem a atividade em duplas e tentam [&hellip;]<\/p>\n","protected":false},"author":2,"featured_media":1181,"parent":0,"menu_order":0,"comment_status":"closed","ping_status":"closed","template":"","meta":{"_monsterinsights_skip_tracking":false,"_monsterinsights_sitenote_active":false,"_monsterinsights_sitenote_note":"","_monsterinsights_sitenote_category":0,"footnotes":""},"class_list":["post-459","page","type-page","status-publish","has-post-thumbnail","hentry"],"_links":{"self":[{"href":"https:\/\/raple.fclar.unesp.br\/ingles\/wp-json\/wp\/v2\/pages\/459","targetHints":{"allow":["GET"]}}],"collection":[{"href":"https:\/\/raple.fclar.unesp.br\/ingles\/wp-json\/wp\/v2\/pages"}],"about":[{"href":"https:\/\/raple.fclar.unesp.br\/ingles\/wp-json\/wp\/v2\/types\/page"}],"author":[{"embeddable":true,"href":"https:\/\/raple.fclar.unesp.br\/ingles\/wp-json\/wp\/v2\/users\/2"}],"replies":[{"embeddable":true,"href":"https:\/\/raple.fclar.unesp.br\/ingles\/wp-json\/wp\/v2\/comments?post=459"}],"version-history":[{"count":3,"href":"https:\/\/raple.fclar.unesp.br\/ingles\/wp-json\/wp\/v2\/pages\/459\/revisions"}],"predecessor-version":[{"id":1226,"href":"https:\/\/raple.fclar.unesp.br\/ingles\/wp-json\/wp\/v2\/pages\/459\/revisions\/1226"}],"wp:featuredmedia":[{"embeddable":true,"href":"https:\/\/raple.fclar.unesp.br\/ingles\/wp-json\/wp\/v2\/media\/1181"}],"wp:attachment":[{"href":"https:\/\/raple.fclar.unesp.br\/ingles\/wp-json\/wp\/v2\/media?parent=459"}],"curies":[{"name":"wp","href":"https:\/\/api.w.org\/{rel}","templated":true}]}}