{"id":550,"date":"2020-09-23T21:12:16","date_gmt":"2020-09-24T00:12:16","guid":{"rendered":"https:\/\/cel.fclar.unesp.br\/ingles\/?page_id=550"},"modified":"2025-04-25T11:22:25","modified_gmt":"2025-04-25T14:22:25","slug":"folhas-de-atividades","status":"publish","type":"page","link":"https:\/\/raple.fclar.unesp.br\/ingles\/folhas-de-atividades\/","title":{"rendered":"Folhas de atividades"},"content":{"rendered":"\n<h3 class=\"wp-block-heading\">Aqui teremos alguns sites que possuem folhas de atividades interessantes<\/h3>\n\n\n\n<h4 class=\"wp-block-heading\">Para acessar o site, clique no nome do site<\/h4>\n\n\n\n<ul class=\"wp-block-list\">\n<li><strong><a href=\"https:\/\/en.islcollective.com\/\">ISLCOLLETIVE <\/a><\/strong><\/li>\n<\/ul>\n\n\n\n<p>Site com folhas de atividades, PowerPoints e V\u00eddeos educativos dos niveis A1-C2<\/p>\n\n\n\n<ul class=\"wp-block-list\">\n<li><strong><a href=\"https:\/\/busyteacher.org\/\">Busy Teacher<\/a><\/strong><\/li>\n<\/ul>\n\n\n\n<p>Site que disponibiliza folhas de atividades e planos de aula para o ensino de l\u00edngua inglesa para alunos de todas as idades (crian\u00e7as, adolescentes e adultos) e n\u00edveis de profici\u00eancia (A1-C2). Os t\u00f3picos s\u00e3o variados: gram\u00e1tica, vocabul\u00e1rio, habilidades lingu\u00edsticas e pron\u00fancia.<\/p>\n\n\n\n<ul class=\"wp-block-list\">\n<li><strong><a href=\"https:\/\/www.teach-this.com\/\">Teach this<\/a><\/strong><\/li>\n<\/ul>\n\n\n\n<p>Site que disponibiliza folhas de atividades, li\u00e7\u00f5es, instru\u00e7\u00f5es para jogos e ideias para o ensino de ingl\u00eas como l\u00edngua estrangeira (EFL) ou segunda l\u00edngua (ESL), tanto na vers\u00e3o gratuita quanto na vers\u00e3o paga. O conte\u00fado abrange alunos de diferentes idades e n\u00edveis de profici\u00eancia. Os t\u00f3picos s\u00e3o divididos em gram\u00e1tica, classes de palavra ou partes do discurso, fun\u00e7\u00f5es, ingl\u00eas geral, jogos e ideias.<\/p>\n\n\n\n<ul class=\"wp-block-list\">\n<li><strong><a href=\"https:\/\/www.englishwsheets.com\/index.html\">English Language Teaching Resources<\/a><\/strong><\/li>\n<\/ul>\n\n\n\n<p>Site que disponibiliza folhas de atividades, instru\u00e7\u00f5es para jogos, <em>quizzes,<\/em> <em>flashcards<\/em>, posters, entre outros materiais para o ensino de ingl\u00eas como l\u00edngua estrangeira (EFL) ou segunda l\u00edngua (ESL) para crian\u00e7as com n\u00edveis b\u00e1sico (A1-A2) e intermedi\u00e1rio (B1-B2) de profici\u00eancia. Os t\u00f3picos variam entre gram\u00e1tica, vocabul\u00e1rio e compreens\u00e3o escrita.<\/p>\n\n\n\n<ul class=\"wp-block-list\">\n<li><a href=\"https:\/\/www.liveworksheets.com\/\" target=\"_blank\" rel=\"noreferrer noopener\"><strong>LIVEWORKSHEETS<\/strong><\/a><\/li>\n<\/ul>\n\n\n\n<p>Trata-se de um site que disponibiliza folhas de atividade com t\u00f3picos de gram\u00e1tica dos diferentes n\u00edveis de profici\u00eancia. Al\u00e9m disso, tamb\u00e9m permite ao professor a cria\u00e7\u00e3o de sua pr\u00f3pria lista de exerc\u00edcios<\/p>\n\n\n\n<hr class=\"wp-block-separator has-css-opacity\" \/>\n\n\n<div class=\"wp-block-image\">\n<figure class=\"aligncenter\"><img decoding=\"async\" src=\"https:\/\/cel.fclar.unesp.br\/ingles\/wp-content\/uploads\/sites\/3\/2020\/05\/palmas-e1588188631525.png\" alt=\"\" \/><\/figure>\n<\/div>\n\n\n<p class=\"has-text-align-center\"> Agradecemos as contribui\u00e7\u00f5es desse acervo \u00e0:&nbsp;<strong>Prof.&nbsp;<strong>V\u00edvian N\u00e1dia Ribeiro de Moraes<\/strong><\/strong> e <strong>Prof. Cibele Cec\u00edlio de Faria Rozenfeld<\/strong><\/p>\n","protected":false},"excerpt":{"rendered":"<p>Aqui teremos alguns sites que possuem folhas de atividades interessantes Para acessar o site, clique no nome do site Site com folhas de atividades, PowerPoints e V\u00eddeos educativos dos niveis A1-C2 Site que disponibiliza folhas de atividades e planos de aula para o ensino de l\u00edngua inglesa para alunos de [&hellip;]<\/p>\n","protected":false},"author":2,"featured_media":0,"parent":0,"menu_order":0,"comment_status":"closed","ping_status":"closed","template":"","meta":{"_monsterinsights_skip_tracking":false,"_monsterinsights_sitenote_active":false,"_monsterinsights_sitenote_note":"","_monsterinsights_sitenote_category":0,"footnotes":""},"class_list":["post-550","page","type-page","status-publish","hentry"],"_links":{"self":[{"href":"https:\/\/raple.fclar.unesp.br\/ingles\/wp-json\/wp\/v2\/pages\/550","targetHints":{"allow":["GET"]}}],"collection":[{"href":"https:\/\/raple.fclar.unesp.br\/ingles\/wp-json\/wp\/v2\/pages"}],"about":[{"href":"https:\/\/raple.fclar.unesp.br\/ingles\/wp-json\/wp\/v2\/types\/page"}],"author":[{"embeddable":true,"href":"https:\/\/raple.fclar.unesp.br\/ingles\/wp-json\/wp\/v2\/users\/2"}],"replies":[{"embeddable":true,"href":"https:\/\/raple.fclar.unesp.br\/ingles\/wp-json\/wp\/v2\/comments?post=550"}],"version-history":[{"count":3,"href":"https:\/\/raple.fclar.unesp.br\/ingles\/wp-json\/wp\/v2\/pages\/550\/revisions"}],"predecessor-version":[{"id":1694,"href":"https:\/\/raple.fclar.unesp.br\/ingles\/wp-json\/wp\/v2\/pages\/550\/revisions\/1694"}],"wp:attachment":[{"href":"https:\/\/raple.fclar.unesp.br\/ingles\/wp-json\/wp\/v2\/media?parent=550"}],"curies":[{"name":"wp","href":"https:\/\/api.w.org\/{rel}","templated":true}]}}