{"id":601,"date":"2021-04-27T10:51:39","date_gmt":"2021-04-27T13:51:39","guid":{"rendered":"https:\/\/raple.fclar.unesp.br\/ingles\/hestia-front\/"},"modified":"2024-09-17T21:52:22","modified_gmt":"2024-09-18T00:52:22","slug":"hestia-front","status":"publish","type":"page","link":"https:\/\/raple.fclar.unesp.br\/ingles\/","title":{"rendered":"In\u00edcio"},"content":{"rendered":"<div class=\"wp-block-image\">\n<figure class=\"aligncenter size-large\"><img loading=\"lazy\" decoding=\"async\" width=\"1024\" height=\"128\" src=\"https:\/\/raple.fclar.unesp.br\/ingles\/wp-content\/uploads\/sites\/3\/2022\/06\/ingles-1024x128.png\" alt=\"\" class=\"wp-image-1160\" srcset=\"https:\/\/raple.fclar.unesp.br\/ingles\/wp-content\/uploads\/sites\/3\/2022\/06\/ingles-1024x128.png 1024w, https:\/\/raple.fclar.unesp.br\/ingles\/wp-content\/uploads\/sites\/3\/2022\/06\/ingles-300x38.png 300w, https:\/\/raple.fclar.unesp.br\/ingles\/wp-content\/uploads\/sites\/3\/2022\/06\/ingles-768x96.png 768w, https:\/\/raple.fclar.unesp.br\/ingles\/wp-content\/uploads\/sites\/3\/2022\/06\/ingles.png 1080w\" sizes=\"auto, (max-width: 1024px) 100vw, 1024px\" \/><\/figure>\n<\/div>\n\n\n<div class=\"wp-block-columns is-layout-flex wp-container-core-columns-is-layout-9d6595d7 wp-block-columns-is-layout-flex\">\n<div class=\"wp-block-column is-layout-flow wp-block-column-is-layout-flow\">\n<figure class=\"wp-block-image size-large\"><img loading=\"lazy\" decoding=\"async\" width=\"1024\" height=\"256\" src=\"https:\/\/raple.fclar.unesp.br\/ingles\/wp-content\/uploads\/sites\/3\/2022\/11\/SEC_LINKS-1024x256.png\" alt=\"\" class=\"wp-image-1222\" srcset=\"https:\/\/raple.fclar.unesp.br\/ingles\/wp-content\/uploads\/sites\/3\/2022\/11\/SEC_LINKS-1024x256.png 1024w, https:\/\/raple.fclar.unesp.br\/ingles\/wp-content\/uploads\/sites\/3\/2022\/11\/SEC_LINKS-300x75.png 300w, https:\/\/raple.fclar.unesp.br\/ingles\/wp-content\/uploads\/sites\/3\/2022\/11\/SEC_LINKS-768x192.png 768w, https:\/\/raple.fclar.unesp.br\/ingles\/wp-content\/uploads\/sites\/3\/2022\/11\/SEC_LINKS.png 1080w\" sizes=\"auto, (max-width: 1024px) 100vw, 1024px\" \/><\/figure>\n\n\n\n<p>Nossa <span style=\"color:#a38e00\" class=\"has-inline-color\">lincoteca <\/span>foi renovada, agora est\u00e1 mais f\u00e1cil do que nunca achar o que voc\u00ea precisa. Al\u00e9m disso, temos 16 novos sites e ferramentas de lousas virtuais e intera\u00e7\u00e3o, e um novo dicion\u00e1rio!<\/p>\n<\/div>\n\n\n\n<div class=\"wp-block-column is-layout-flow wp-block-column-is-layout-flow\">\n<figure class=\"wp-block-image size-large\"><img loading=\"lazy\" decoding=\"async\" width=\"1024\" height=\"256\" src=\"https:\/\/raple.fclar.unesp.br\/ingles\/wp-content\/uploads\/sites\/3\/2022\/08\/SEC_MUSICAS-1024x256.png\" alt=\"\" class=\"wp-image-1187\" srcset=\"https:\/\/raple.fclar.unesp.br\/ingles\/wp-content\/uploads\/sites\/3\/2022\/08\/SEC_MUSICAS-1024x256.png 1024w, https:\/\/raple.fclar.unesp.br\/ingles\/wp-content\/uploads\/sites\/3\/2022\/08\/SEC_MUSICAS-300x75.png 300w, https:\/\/raple.fclar.unesp.br\/ingles\/wp-content\/uploads\/sites\/3\/2022\/08\/SEC_MUSICAS-768x192.png 768w, https:\/\/raple.fclar.unesp.br\/ingles\/wp-content\/uploads\/sites\/3\/2022\/08\/SEC_MUSICAS.png 1080w\" sizes=\"auto, (max-width: 1024px) 100vw, 1024px\" \/><\/figure>\n\n\n\n<p>Quer usar m\u00fasica pop na sua aula de ingl\u00eas? Nossa se\u00e7\u00e3o de <span style=\"color:#a38e00\" class=\"has-inline-color\">m\u00fasicas <\/span>recentemente foi atualizada com v\u00e1rias recomenda\u00e7\u00f5es did\u00e1ticas para serem usadas em aulas.<\/p>\n<\/div>\n<\/div>\n","protected":false},"excerpt":{"rendered":"<p>Nossa lincoteca foi renovada, agora est\u00e1 mais f\u00e1cil do que nunca achar o que voc\u00ea precisa. Al\u00e9m disso, temos 16 novos sites e ferramentas de lousas virtuais e intera\u00e7\u00e3o, e um novo dicion\u00e1rio! Quer usar m\u00fasica pop na sua aula de ingl\u00eas? Nossa se\u00e7\u00e3o de m\u00fasicas recentemente foi atualizada com [&hellip;]<\/p>\n","protected":false},"author":1,"featured_media":1189,"parent":0,"menu_order":0,"comment_status":"closed","ping_status":"closed","template":"","meta":{"_monsterinsights_skip_tracking":false,"_monsterinsights_sitenote_active":false,"_monsterinsights_sitenote_note":"","_monsterinsights_sitenote_category":0,"footnotes":""},"class_list":["post-601","page","type-page","status-publish","has-post-thumbnail","hentry"],"_links":{"self":[{"href":"https:\/\/raple.fclar.unesp.br\/ingles\/wp-json\/wp\/v2\/pages\/601","targetHints":{"allow":["GET"]}}],"collection":[{"href":"https:\/\/raple.fclar.unesp.br\/ingles\/wp-json\/wp\/v2\/pages"}],"about":[{"href":"https:\/\/raple.fclar.unesp.br\/ingles\/wp-json\/wp\/v2\/types\/page"}],"author":[{"embeddable":true,"href":"https:\/\/raple.fclar.unesp.br\/ingles\/wp-json\/wp\/v2\/users\/1"}],"replies":[{"embeddable":true,"href":"https:\/\/raple.fclar.unesp.br\/ingles\/wp-json\/wp\/v2\/comments?post=601"}],"version-history":[{"count":10,"href":"https:\/\/raple.fclar.unesp.br\/ingles\/wp-json\/wp\/v2\/pages\/601\/revisions"}],"predecessor-version":[{"id":1617,"href":"https:\/\/raple.fclar.unesp.br\/ingles\/wp-json\/wp\/v2\/pages\/601\/revisions\/1617"}],"wp:featuredmedia":[{"embeddable":true,"href":"https:\/\/raple.fclar.unesp.br\/ingles\/wp-json\/wp\/v2\/media\/1189"}],"wp:attachment":[{"href":"https:\/\/raple.fclar.unesp.br\/ingles\/wp-json\/wp\/v2\/media?parent=601"}],"curies":[{"name":"wp","href":"https:\/\/api.w.org\/{rel}","templated":true}]}}