{"id":702,"date":"2021-06-04T22:22:20","date_gmt":"2021-06-05T01:22:20","guid":{"rendered":"https:\/\/raple.fclar.unesp.br\/ingles\/?page_id=702"},"modified":"2021-10-25T11:38:56","modified_gmt":"2021-10-25T14:38:56","slug":"nos-envie-o-seu","status":"publish","type":"page","link":"https:\/\/raple.fclar.unesp.br\/ingles\/nos-envie-o-seu\/","title":{"rendered":"Nos envie o seu!"},"content":{"rendered":"\n<div class=\"wp-block-columns is-layout-flex wp-container-core-columns-is-layout-9d6595d7 wp-block-columns-is-layout-flex\">\n<div class=\"wp-block-column is-layout-flow wp-block-column-is-layout-flow\">\n<figure class=\"wp-block-image size-large\"><img loading=\"lazy\" decoding=\"async\" width=\"704\" height=\"782\" src=\"https:\/\/raple.fclar.unesp.br\/ingles\/wp-content\/uploads\/sites\/3\/2021\/08\/nos_envie-min.png\" alt=\"\" class=\"wp-image-912\" srcset=\"https:\/\/raple.fclar.unesp.br\/ingles\/wp-content\/uploads\/sites\/3\/2021\/08\/nos_envie-min.png 704w, https:\/\/raple.fclar.unesp.br\/ingles\/wp-content\/uploads\/sites\/3\/2021\/08\/nos_envie-min-270x300.png 270w\" sizes=\"auto, (max-width: 704px) 100vw, 704px\" \/><\/figure>\n<\/div>\n\n\n\n<div class=\"wp-block-column is-layout-flow wp-block-column-is-layout-flow\">\n<p>A Raple \u00e9 constantemente atualizada com os materiais enviados pelos nossos leitores. Deu uma aula que saiu boa ou que voc\u00ea queira compartilhar? Abaixo est\u00e1 o link para um modelo de plano de aula, para voc\u00ea completar e nos enviar no nosso e-mail.<\/p>\n\n\n\n<p><a href=\"https:\/\/docs.google.com\/document\/d\/1XM-OTvF53IcJyq-jhEEjwJC3h9FtNSf3\/edit?usp=sharing&amp;ouid=118331764805135596488&amp;rtpof=true&amp;sd=true\">Clique aqui para fazer o download.<\/a><\/p>\n\n\n\n<p>E-mail para envio: <strong>raple.fclar@unesp.br<\/strong><\/p>\n<\/div>\n<\/div>\n","protected":false},"excerpt":{"rendered":"<p>A Raple \u00e9 constantemente atualizada com os materiais enviados pelos nossos leitores. Deu uma aula que saiu boa ou que voc\u00ea queira compartilhar? Abaixo est\u00e1 o link para um modelo de plano de aula, para voc\u00ea completar e nos enviar no nosso e-mail. Clique aqui para fazer o download. E-mail [&hellip;]<\/p>\n","protected":false},"author":19,"featured_media":0,"parent":0,"menu_order":0,"comment_status":"closed","ping_status":"closed","template":"","meta":{"_monsterinsights_skip_tracking":false,"_monsterinsights_sitenote_active":false,"_monsterinsights_sitenote_note":"","_monsterinsights_sitenote_category":0,"footnotes":""},"class_list":["post-702","page","type-page","status-publish","hentry"],"_links":{"self":[{"href":"https:\/\/raple.fclar.unesp.br\/ingles\/wp-json\/wp\/v2\/pages\/702","targetHints":{"allow":["GET"]}}],"collection":[{"href":"https:\/\/raple.fclar.unesp.br\/ingles\/wp-json\/wp\/v2\/pages"}],"about":[{"href":"https:\/\/raple.fclar.unesp.br\/ingles\/wp-json\/wp\/v2\/types\/page"}],"author":[{"embeddable":true,"href":"https:\/\/raple.fclar.unesp.br\/ingles\/wp-json\/wp\/v2\/users\/19"}],"replies":[{"embeddable":true,"href":"https:\/\/raple.fclar.unesp.br\/ingles\/wp-json\/wp\/v2\/comments?post=702"}],"version-history":[{"count":6,"href":"https:\/\/raple.fclar.unesp.br\/ingles\/wp-json\/wp\/v2\/pages\/702\/revisions"}],"predecessor-version":[{"id":953,"href":"https:\/\/raple.fclar.unesp.br\/ingles\/wp-json\/wp\/v2\/pages\/702\/revisions\/953"}],"wp:attachment":[{"href":"https:\/\/raple.fclar.unesp.br\/ingles\/wp-json\/wp\/v2\/media?parent=702"}],"curies":[{"name":"wp","href":"https:\/\/api.w.org\/{rel}","templated":true}]}}