{"id":705,"date":"2021-06-08T11:44:56","date_gmt":"2021-06-08T14:44:56","guid":{"rendered":"https:\/\/raple.fclar.unesp.br\/ingles\/?page_id=705"},"modified":"2022-05-23T17:53:11","modified_gmt":"2022-05-23T20:53:11","slug":"sweather-weather-by-the-neighborhood","status":"publish","type":"page","link":"https:\/\/raple.fclar.unesp.br\/ingles\/sweather-weather-by-the-neighborhood\/","title":{"rendered":"Sweater Weather by The Neighbourhood"},"content":{"rendered":"\n<div class=\"wp-block-themeisle-blocks-advanced-columns has-1-columns has-desktop-equal-layout has-tablet-equal-layout has-mobile-equal-layout has-default-gap has-vertical-unset\" id=\"wp-block-themeisle-blocks-advanced-columns-d9f69971\"><div class=\"wp-block-themeisle-blocks-advanced-columns-overlay\"><\/div><div class=\"innerblocks-wrap\">\n<div class=\"wp-block-themeisle-blocks-advanced-column\" id=\"wp-block-themeisle-blocks-advanced-column-c8c3d6ee\">\n<p><strong>Autoria: Profa. L\u00edgia Ferreira da Silva Nobile<\/strong><\/p>\n\n\n\n<p><strong>Atualizado por<\/strong> <strong>Pedro Marinelli de Carvalho<\/strong><\/p>\n\n\n\n<p><strong>N\u00edvel: A1<\/strong><\/p>\n\n\n\n<div class=\"wp-block-columns is-layout-flex wp-container-core-columns-is-layout-9d6595d7 wp-block-columns-is-layout-flex\">\n<div class=\"wp-block-column is-layout-flow wp-block-column-is-layout-flow\">\n<p><strong>Objetivos<\/strong>:<\/p>\n\n\n\n<ul class=\"wp-block-list\"><li>Infer\u00eancia de significado;<\/li><li>Fixa\u00e7\u00e3o de l\u00e9xico (roupas e partes do corpo);<\/li><li>Familiariza\u00e7\u00e3o com o contexto de uso das palavras abordadas.<\/li><\/ul>\n<\/div>\n\n\n\n<div class=\"wp-block-column is-layout-flow wp-block-column-is-layout-flow\">\n<p><strong>Materiais<\/strong><\/p>\n\n\n\n<ul class=\"wp-block-list\"><li>M\u00fasica \u201cSweather Weather\u201d;<\/li><li>Folha de atividades;<\/li><li>Lousa\/ projetor.<\/li><\/ul>\n<\/div>\n<\/div>\n\n\n\n<p><strong>Etapa 1<\/strong><\/p>\n\n\n\n<p>Os alunos devem assistir ao clipe da M\u00fasica \u201cSweater Weather\u201d da banda The Neighbourhood. Em seguida, promova uma discuss\u00e3o com a turma a respeito da can\u00e7\u00e3o. Pergunte a eles a opini\u00e3o deles em rela\u00e7\u00e3o ao clipe e \u00e0 m\u00fasica e tamb\u00e9m qual o tema abordado na can\u00e7\u00e3o.<\/p>\n\n\n\n<p><strong>Etapa 2<\/strong><\/p>\n\n\n\n<p>Entregue aos alunos a letra da m\u00fasica (ou projete-a por meio do datashow) e pe\u00e7a aos alunos para que associem as imagens com as seguintes palavras:<\/p>\n\n\n\n<p><strong>HANDS&nbsp; &nbsp; WAIST &nbsp; FACE &nbsp; HEAD &nbsp; SHORTS&nbsp; &nbsp; FINGER &nbsp; TOES &nbsp; SLEEVES &nbsp; NECK&nbsp; &nbsp; &nbsp; SWEATER&nbsp; &nbsp; &nbsp; MOUTHS(2x) &nbsp; &nbsp; SHIRT(2x) &nbsp; &nbsp; BLOUSE(2x) &nbsp; &nbsp; LEFT HAND &nbsp; &nbsp; TONGUE &nbsp; &nbsp; HEARTS<\/strong><\/p>\n\n\n\n<div class=\"wp-block-columns is-layout-flex wp-container-core-columns-is-layout-9d6595d7 wp-block-columns-is-layout-flex\">\n<div class=\"wp-block-column is-layout-flow wp-block-column-is-layout-flow\">\n<p><img loading=\"lazy\" decoding=\"async\" src=\"https:\/\/lh5.googleusercontent.com\/w5JAJ07ghcD5XOvKx_YL3XgOZMFJk2ExvHPDGZAxzfAsfDFztyJgCgvN-ugWfrYVqxp94m7W4_y2O5Ku7gZIEpGQh4hNam_r2vgI5Zi3c27nEWBAx15qMvOCpu5l7wZEj_s3Nbad\" width=\"605\" height=\"855\"><\/p>\n<\/div>\n\n\n\n<div class=\"wp-block-column is-layout-flow wp-block-column-is-layout-flow\">\n<p><img decoding=\"async\" src=\"https:\/\/lh5.googleusercontent.com\/kpdW_s9UMwMpGUTnv7NSkcRYROVQ_WUCMMhlyUmn3ShuzgHsnu0NfwloZKpByk23zfseb3BMYHqoPUOdxS9TCQxCtMidkYgm3dVKGvb8_4zeybghaTa0OP9_U9vvlCzsAYZ6aYdk\" width=\"605\" height=\"856.5522697620052\"><\/p>\n<\/div>\n<\/div>\n\n\n\n<figure class=\"wp-block-table\"><table><tbody><tr><td><\/td><\/tr><\/tbody><\/table><\/figure>\n\n\n\n<p>Coloque a m\u00fasica para que a sala escute uma \u00faltima vez, a fim de que confiram as respostas dadas no exerc\u00edcio anterior e preencham quaisquer espa\u00e7os que ainda n\u00e3o tenham sido preenchidos<\/p>\n\n\n\n<p>Em seguida, pe\u00e7a para que os alunos comparem, em duplas, as palavras que utilizaram para completar a m\u00fasica e corrija este exerc\u00edcio tamb\u00e9m, esclarecendo eventuais d\u00favidas de vocabul\u00e1rio. Ent\u00e3o, pe\u00e7a a eles para que separem as palavras do exerc\u00edcio 1 entre plural e singular.&nbsp;<\/p>\n\n\n\n<p><strong>Etapa 3<\/strong><\/p>\n\n\n\n<p>Ap\u00f3s a corre\u00e7\u00e3o, projete a seguinte tabela:<\/p>\n\n\n\n<ol class=\"wp-block-list\"><li>Place:<\/li><li>Time:<\/li><li>Season of the year<\/li><li>Outfit:<\/li><\/ol>\n\n\n\n<p>Pe\u00e7a ent\u00e3o que os alunos completem essa tabela individualmente e depois, em duplas, conversem sobre suas escolhas partindo das perguntas <em>when, where <\/em>e <em>what<\/em>.<\/p>\n<\/div>\n<\/div><\/div>\n","protected":false},"excerpt":{"rendered":"","protected":false},"author":19,"featured_media":0,"parent":0,"menu_order":0,"comment_status":"closed","ping_status":"closed","template":"","meta":{"_monsterinsights_skip_tracking":false,"_monsterinsights_sitenote_active":false,"_monsterinsights_sitenote_note":"","_monsterinsights_sitenote_category":0,"footnotes":""},"class_list":["post-705","page","type-page","status-publish","hentry"],"_links":{"self":[{"href":"https:\/\/raple.fclar.unesp.br\/ingles\/wp-json\/wp\/v2\/pages\/705","targetHints":{"allow":["GET"]}}],"collection":[{"href":"https:\/\/raple.fclar.unesp.br\/ingles\/wp-json\/wp\/v2\/pages"}],"about":[{"href":"https:\/\/raple.fclar.unesp.br\/ingles\/wp-json\/wp\/v2\/types\/page"}],"author":[{"embeddable":true,"href":"https:\/\/raple.fclar.unesp.br\/ingles\/wp-json\/wp\/v2\/users\/19"}],"replies":[{"embeddable":true,"href":"https:\/\/raple.fclar.unesp.br\/ingles\/wp-json\/wp\/v2\/comments?post=705"}],"version-history":[{"count":4,"href":"https:\/\/raple.fclar.unesp.br\/ingles\/wp-json\/wp\/v2\/pages\/705\/revisions"}],"predecessor-version":[{"id":709,"href":"https:\/\/raple.fclar.unesp.br\/ingles\/wp-json\/wp\/v2\/pages\/705\/revisions\/709"}],"wp:attachment":[{"href":"https:\/\/raple.fclar.unesp.br\/ingles\/wp-json\/wp\/v2\/media?parent=705"}],"curies":[{"name":"wp","href":"https:\/\/api.w.org\/{rel}","templated":true}]}}