{"id":712,"date":"2021-06-08T12:07:29","date_gmt":"2021-06-08T15:07:29","guid":{"rendered":"https:\/\/raple.fclar.unesp.br\/ingles\/?page_id=712"},"modified":"2021-06-08T12:08:05","modified_gmt":"2021-06-08T15:08:05","slug":"youre-funny-talking-about-personality-2","status":"publish","type":"page","link":"https:\/\/raple.fclar.unesp.br\/ingles\/youre-funny-talking-about-personality-2\/","title":{"rendered":"You\u2019re funny- Talking about personality"},"content":{"rendered":"\n<div class=\"wp-block-themeisle-blocks-advanced-columns has-1-columns has-desktop-equal-layout has-tablet-equal-layout has-mobile-equal-layout has-default-gap has-vertical-unset\" id=\"wp-block-themeisle-blocks-advanced-columns-cceb445d\"><div class=\"wp-block-themeisle-blocks-advanced-columns-overlay\"><\/div><div class=\"innerblocks-wrap\">\n<div class=\"wp-block-themeisle-blocks-advanced-column\" id=\"wp-block-themeisle-blocks-advanced-column-ae669b3e\">\n<p><strong>Autoria: Profa. L\u00edgia Ferreira da Silva Nobile<\/strong><\/p>\n\n\n\n<p><strong>Atualizado por Pedro Marinelli de Carvalho<\/strong><\/p>\n\n\n\n<p><strong>N\u00edvel: A1<\/strong><\/p>\n\n\n\n<div class=\"wp-block-columns is-layout-flex wp-container-core-columns-is-layout-9d6595d7 wp-block-columns-is-layout-flex\">\n<div class=\"wp-block-column is-layout-flow wp-block-column-is-layout-flow\">\n<p><strong>Objetivos<\/strong><\/p>\n\n\n\n<ul class=\"wp-block-list\"><li>Infer\u00eancia de significado;<\/li><li>Fixa\u00e7\u00e3o de l\u00e9xico (gostos e personalidades);<\/li><\/ul>\n<\/div>\n\n\n\n<div class=\"wp-block-column is-layout-flow wp-block-column-is-layout-flow\">\n<p><strong>Materiais<\/strong><\/p>\n\n\n\n<ul class=\"wp-block-list\"><li>Projetor e \u00e1udio;<\/li><li><a href=\"https:\/\/youtu.be\/R5Wl_6dzkDs\">O link do v\u00eddeo em quest\u00e3o<\/a>.<\/li><\/ul>\n\n\n\n<p><\/p>\n<\/div>\n<\/div>\n<\/div>\n<\/div><\/div>\n\n\n\n<div class=\"wp-block-group\"><div class=\"wp-block-group__inner-container is-layout-flow wp-block-group-is-layout-flow\">\n<p><strong>Etapa 1<\/strong><\/p>\n\n\n\n<p>Inicie um bate papo com os alunos sobre como eles se introduzem a pessoas novas; anote na lousa as palavras que v\u00e3o surgindo. Ent\u00e3o pergunte se, das palavras selecionadas, algu\u00e9m sabe diz\u00ea-las em ingl\u00eas e v\u00e1 escrevendo-as na lousa, al\u00e9m das novas palavras que eles n\u00e3o conhecem.<\/p>\n\n\n\n<p><strong>Etapa 2<\/strong><\/p>\n\n\n\n<figure class=\"wp-block-embed is-type-video is-provider-youtube wp-block-embed-youtube wp-embed-aspect-16-9 wp-has-aspect-ratio\"><div class=\"wp-block-embed__wrapper\">\n<iframe loading=\"lazy\" title=\"How would you describe your personality?\" width=\"750\" height=\"422\" src=\"https:\/\/www.youtube.com\/embed\/R5Wl_6dzkDs?feature=oembed\" frameborder=\"0\" allow=\"accelerometer; autoplay; clipboard-write; encrypted-media; gyroscope; picture-in-picture\" allowfullscreen><\/iframe>\n<\/div><\/figure>\n\n\n\n<p>Reproduza o v\u00eddeo para toda a sala. A princ\u00edpio, explique que se trata de um v\u00eddeo em que mulheres est\u00e3o em um talk show. Ap\u00f3s verem o v\u00eddeo, pergunte a eles sobre o que essas mulheres est\u00e3o falando. Em seguida, mostre em slides ou escreva na lousa as palavras e perguntas referentes a personalidade faladas no v\u00eddeo e discuta com a turma o significado das palavras e express\u00f5es, se s\u00e3o palavras desconhecidas e em que contextos os alunos j\u00e1 ouviram aquelas palavras:&nbsp;<\/p>\n\n\n\n<ul class=\"wp-block-list\"><li><strong>\u201cLet\u2019s talk a little more about personality\u201d<\/strong><\/li><\/ul>\n\n\n\n<ul class=\"wp-block-list\"><li><strong>\u201cHow would you describe yourself?\u201d<\/strong><\/li><\/ul>\n\n\n\n<ul class=\"wp-block-list\"><li><strong>\u201cI like to be alone\u201d<\/strong><\/li><\/ul>\n\n\n\n<ul class=\"wp-block-list\"><li><strong>Extroverted \u2013 Homebody \u2013 Independent \u2013 Creative&nbsp;\u2013<\/strong> <strong>Entrepreneur \u2013 Perfectionist \u2013 Organized<\/strong><\/li><\/ul>\n\n\n\n<p><strong><\/strong><strong>Etapa 3<\/strong><\/p>\n\n\n\n<p>Em grupos, pe\u00e7a para que discutam e fa\u00e7am conversa\u00e7\u00f5es utilizando o l\u00e9xico adquirido ao decorrer da aula. Como pontos guiadores da conversa\u00e7\u00e3o, apresente as seguintes quest\u00f5es norteadoras:<\/p>\n\n\n\n<ul class=\"wp-block-list\"><li>Which words do you consider positive?<\/li><li>Which words do you consider negative?<\/li><li>Which words would you use to describe yourself?<\/li><\/ul>\n<\/div><\/div>\n","protected":false},"excerpt":{"rendered":"<p>Etapa 1 Inicie um bate papo com os alunos sobre como eles se introduzem a pessoas novas; anote na lousa as palavras que v\u00e3o surgindo. Ent\u00e3o pergunte se, das palavras selecionadas, algu\u00e9m sabe diz\u00ea-las em ingl\u00eas e v\u00e1 escrevendo-as na lousa, al\u00e9m das novas palavras que eles n\u00e3o conhecem. Etapa [&hellip;]<\/p>\n","protected":false},"author":19,"featured_media":0,"parent":0,"menu_order":0,"comment_status":"closed","ping_status":"closed","template":"","meta":{"_monsterinsights_skip_tracking":false,"_monsterinsights_sitenote_active":false,"_monsterinsights_sitenote_note":"","_monsterinsights_sitenote_category":0,"footnotes":""},"class_list":["post-712","page","type-page","status-publish","hentry"],"_links":{"self":[{"href":"https:\/\/raple.fclar.unesp.br\/ingles\/wp-json\/wp\/v2\/pages\/712","targetHints":{"allow":["GET"]}}],"collection":[{"href":"https:\/\/raple.fclar.unesp.br\/ingles\/wp-json\/wp\/v2\/pages"}],"about":[{"href":"https:\/\/raple.fclar.unesp.br\/ingles\/wp-json\/wp\/v2\/types\/page"}],"author":[{"embeddable":true,"href":"https:\/\/raple.fclar.unesp.br\/ingles\/wp-json\/wp\/v2\/users\/19"}],"replies":[{"embeddable":true,"href":"https:\/\/raple.fclar.unesp.br\/ingles\/wp-json\/wp\/v2\/comments?post=712"}],"version-history":[{"count":4,"href":"https:\/\/raple.fclar.unesp.br\/ingles\/wp-json\/wp\/v2\/pages\/712\/revisions"}],"predecessor-version":[{"id":716,"href":"https:\/\/raple.fclar.unesp.br\/ingles\/wp-json\/wp\/v2\/pages\/712\/revisions\/716"}],"wp:attachment":[{"href":"https:\/\/raple.fclar.unesp.br\/ingles\/wp-json\/wp\/v2\/media?parent=712"}],"curies":[{"name":"wp","href":"https:\/\/api.w.org\/{rel}","templated":true}]}}