{"id":878,"date":"2021-07-14T18:38:10","date_gmt":"2021-07-14T21:38:10","guid":{"rendered":"https:\/\/raple.fclar.unesp.br\/ingles\/?page_id=878"},"modified":"2022-09-29T18:28:35","modified_gmt":"2022-09-29T21:28:35","slug":"acervo-de-links","status":"publish","type":"page","link":"https:\/\/raple.fclar.unesp.br\/ingles\/acervo-de-links\/","title":{"rendered":"Acervo de Links"},"content":{"rendered":"\n<div class=\"wp-block-themeisle-blocks-advanced-columns has-1-columns hide-in-desktop hide-in-tablet hide-in-mobile has-default-gap has-vertical-unset\" id=\"wp-block-themeisle-blocks-advanced-columns-841c63a7\"><div class=\"wp-block-themeisle-blocks-advanced-columns-overlay\"><\/div><div class=\"innerblocks-wrap\">\n\n<div class=\"wp-block-themeisle-blocks-advanced-column\" id=\"wp-block-themeisle-blocks-advanced-column-c7429b91\"><\/div>\n\n<\/div><\/div>\n\n\n\n<figure class=\"wp-block-image size-large\"><img loading=\"lazy\" decoding=\"async\" width=\"1024\" height=\"85\" src=\"https:\/\/raple.fclar.unesp.br\/ingles\/wp-content\/uploads\/sites\/3\/2021\/10\/wide_dics-1024x85.png\" alt=\"\" class=\"wp-image-950\" srcset=\"https:\/\/raple.fclar.unesp.br\/ingles\/wp-content\/uploads\/sites\/3\/2021\/10\/wide_dics-1024x85.png 1024w, https:\/\/raple.fclar.unesp.br\/ingles\/wp-content\/uploads\/sites\/3\/2021\/10\/wide_dics-300x25.png 300w, https:\/\/raple.fclar.unesp.br\/ingles\/wp-content\/uploads\/sites\/3\/2021\/10\/wide_dics-768x64.png 768w, https:\/\/raple.fclar.unesp.br\/ingles\/wp-content\/uploads\/sites\/3\/2021\/10\/wide_dics.png 1080w\" sizes=\"auto, (max-width: 1024px) 100vw, 1024px\" \/><\/figure>\n\n\n\n<div class=\"wp-block-columns is-layout-flex wp-container-core-columns-is-layout-9d6595d7 wp-block-columns-is-layout-flex\">\n<div class=\"wp-block-column is-layout-flow wp-block-column-is-layout-flow\">\n<p><strong><a href=\"https:\/\/dictionary.cambridge.org\/\" target=\"_blank\" rel=\"noreferrer noopener\">Cambridge Dictionary<\/a><\/strong><\/p>\n\n\n\n<p>O Dicion\u00e1rio Cambridge \u00e9 uma ferramenta online ligada \u00e0 Universidade de Cambridge, institui\u00e7\u00e3o localizada no leste da Inglaterra. Al\u00e9m de ser um dicion\u00e1rio monol\u00edngue, destinado \u00e0 defini\u00e7\u00e3o de termos do ingl\u00eas, ele tamb\u00e9m disponibiliza: a pron\u00fancia estadunidense e a inglesa; exemplos de usos lexicais; explica\u00e7\u00f5es sobre as d\u00favidas gramaticais comuns; discuss\u00f5es sobre palavras que geram d\u00favidas: verbetes sobre express\u00f5es e palavras usuais; v\u00eddeos com dicas para professores\/as e alunos\/as e listas de vocabul\u00e1rio e tradu\u00e7\u00e3o Ingl\u00eas &gt; Portugu\u00eas. A maioria desses recursos s\u00e3o oferecidos gratuitamente, por\u00e9m, h\u00e1 alguns pagos, como o de tradu\u00e7\u00e3o de textos mais longos<\/p>\n\n\n\n<p><strong><a href=\"https:\/\/www.ldoceonline.com\/\" target=\"_blank\" rel=\"noreferrer noopener\">Longman<\/a><\/strong><\/p>\n\n\n\n<p>Longman \u00e9 um dicion\u00e1rio virtual, no qual s\u00e3o apresentados os significados e a pron\u00fancia de diferentes palavras. O l\u00e9xico dispon\u00edvel \u00e9 contextualizado por meio de frases que, al\u00e9m de lidas, podem ser escutadas. Ademais, oferece-se um extenso corpus com exemplos de usos e informa\u00e7\u00f5es gramaticais sobre as palavras pesquisadas. Nesse dom\u00ednio, ainda podem ser acessados <em>quizzes<\/em>, imagens com descri\u00e7\u00e3o de vocabul\u00e1rio e grupos de palavras organizadas por temas (pintura, geografia, etc).<\/p>\n\n\n\n<p><\/p>\n<\/div>\n\n\n\n<div class=\"wp-block-column is-layout-flow wp-block-column-is-layout-flow\">\n<p><strong><a href=\"https:\/\/www.lexico.com\/\" target=\"_blank\" rel=\"noreferrer noopener\">L\u00e9xico<\/a><\/strong><\/p>\n\n\n\n<p><em>L\u00e9xico<\/em>, dicion\u00e1rio gerenciado pela universidade de Oxford, \u00e9 um excelente recurso para a verifica\u00e7\u00e3o de significados e sin\u00f4nimos de palavras presentes na l\u00edngua inglesa. Al\u00e9m de oferecer, separadamente, abas voltadas \u00e0 variante brit\u00e2nica e estadunidense e as respectivas pron\u00fancias, esse dom\u00ednio disponibiliza uma aba direcionada \u00e0 terminologia gramatical, quizzes voltados ao spelling e artigos interessantes sobre a l\u00edngua e o l\u00e9xico (palavras do ano\/m\u00eas, perguntas comuns em l\u00edngua inglesa, etc.)<\/p>\n\n\n\n<p><\/p>\n\n\n\n<p><\/p>\n\n\n\n<p><\/p>\n\n\n\n<p><\/p>\n<\/div>\n<\/div>\n\n\n\n<p class=\"has-text-align-center\"><strong>Contribui\u00e7\u00e3o dos dicion\u00e1rios pela prof\u00aa Marina de Paulo Nascimento<\/strong><\/p>\n\n\n\n<figure class=\"wp-block-image size-large\"><img loading=\"lazy\" decoding=\"async\" width=\"1024\" height=\"85\" src=\"https:\/\/raple.fclar.unesp.br\/ingles\/wp-content\/uploads\/sites\/3\/2021\/07\/wide_programas-1-1024x85.png\" alt=\"\" class=\"wp-image-896\" srcset=\"https:\/\/raple.fclar.unesp.br\/ingles\/wp-content\/uploads\/sites\/3\/2021\/07\/wide_programas-1-1024x85.png 1024w, https:\/\/raple.fclar.unesp.br\/ingles\/wp-content\/uploads\/sites\/3\/2021\/07\/wide_programas-1-300x25.png 300w, https:\/\/raple.fclar.unesp.br\/ingles\/wp-content\/uploads\/sites\/3\/2021\/07\/wide_programas-1-768x64.png 768w, https:\/\/raple.fclar.unesp.br\/ingles\/wp-content\/uploads\/sites\/3\/2021\/07\/wide_programas-1.png 1080w\" sizes=\"auto, (max-width: 1024px) 100vw, 1024px\" \/><\/figure>\n\n\n\n<div class=\"wp-block-columns is-layout-flex wp-container-core-columns-is-layout-9d6595d7 wp-block-columns-is-layout-flex\">\n<div class=\"wp-block-column is-layout-flow wp-block-column-is-layout-flow\">\n<p><strong>Programas de intera\u00e7\u00e3o:<\/strong><br><a href=\"https:\/\/tinycards.duolingo.com\/\"><strong>Tinycards<\/strong><\/a> &#8211; aplicativo com cartas para auxiliar a memoriza\u00e7\u00e3o de vocabul\u00e1rio.<br><strong><a href=\"https:\/\/quizlet.com\/pt-br\">Quizlet<\/a><\/strong> &#8211; sistema de cart\u00f5es para jogos digitais para serem criados com objetivos pedag\u00f3gicos distintos. O Quizlet live \u00e9 uma modalidade interessante, pois&nbsp; permite intera\u00e7\u00e3o entre os membros do grupo.<br><strong><a href=\"https:\/\/kahoot.com\/\">Kahoot<\/a><\/strong> &#8211; cria\u00e7\u00e3o de jogos para serem usados em sala de aula . Os alunos acessam o jogo pelo celular.<br><strong><a href=\"https:\/\/learningapps.org\/\">Learningapps<\/a><\/strong> &#8211; o Learningapps oferece diferentes templates para montagem de jogos, desde forca, mem\u00f3ria, at\u00e9 textos com lacunas e outros.<br><strong><a href=\"https:\/\/pt-br.padlet.com\/\">Padlet <\/a><\/strong>&#8211; sistema para montagem de quadros de forma interativa. Interessante para desenvolvimento de escrita colaborativa.<br><a href=\"https:\/\/nearpod.com\/\"><strong>Nearpod <\/strong><\/a>&#8211; \u00c9 uma plataforma que possui diversas funcionalidades. Baseia-se em aprendizagem m\u00f3vel pois os alunos podem acessar a aula em tempo real por meio de seus celulares com um c\u00f3digo de transmiss\u00e3o que o professor disponibiliza.<br><a href=\"https:\/\/socrative.com\/plans\/\"><strong>Socrative<\/strong><\/a> &#8211; permite que&nbsp; professor e alunos possam interagir, a partir do smartphone, tablet ou computador. Os alunos podem responder as quest\u00f5es a partir de seus aparelhos conectados \u00e0 internet<br><strong><a href=\"https:\/\/www.goconqr.com\/?reg_complete=1\">GoConqr<\/a><\/strong>: Plataforma que permite criar Matas mentais, notas, Flashcards, Quizzes, Fluxogramas e slides.<br><strong><a href=\"https:\/\/coggle.it\/\">Coggle \u2013&nbsp;<\/a><\/strong>Nesse site, o professor ou o aluno podem criar, de maneira simples e intuitiva, fluxogramas ou diagramas. <br><strong><a href=\"https:\/\/wordwall.net\/pt\">Wordwall<\/a><\/strong>&#8211; \u00c9 um site feito para criar recursos personalizados para suas aulas, como question\u00e1rios, ca\u00e7a-palavras, roda aleat\u00f3ria e muitos outros.<br><a href=\"https:\/\/imgflip.com\/memegenerator\" target=\"_blank\" rel=\"noreferrer noopener\"><strong>Meme Generator<\/strong><\/a>:&nbsp;Um site onde voc\u00ea pode criar seus pr\u00f3prios memes e didatiz\u00e1-los de acordo com a aula a ser ministrada. Eles garantem uma intera\u00e7\u00e3o fluida entre o p\u00fablico mais jovem.<\/p>\n\n\n\n<p><strong>Lousas e cadernos virtuais:<\/strong><br><strong><a href=\"https:\/\/www.smarttech.com\/products\/education-software\/notebook\/download\/basic\">Smart Notebook:&nbsp;<\/a><\/strong>Programa que permite fazer anota\u00e7\u00f5es, desenhos, grifar etc, no computador, como um caderno real. Sua vers\u00e3o b\u00e1sica \u00e9 gratuita para Download.<br><strong><a href=\"https:\/\/jamboard.google.com\/\">Jamboard:&nbsp;<\/a><\/strong>Quadro interativo desenvolvido pelo Google, a qual o professor pode compartilhar com os alunos. Todos podem fazer altera\u00e7\u00f5es no Jam.<br><a href=\"https:\/\/miro.com\/\"><strong>Miro:<\/strong><\/a> Quadro branco colaborativo.<br><a href=\"\"><strong>Flinga.fi:<\/strong><\/a> Quadro colaborativo de conhecimentos.<br><a href=\"https:\/\/www.canva.com\"><strong>Canva<\/strong>:<\/a> pode ser usado como quadro ou qualquer outra constru\u00e7\u00e3o colaborativa, como de slides e imagens, al\u00e9m de ter a vers\u00e3o gratuita para e-mails institucionais.<br><a href=\"http:\/\/scrumblr.ca\/\" target=\"_blank\" rel=\"noreferrer noopener\"><strong>scrumblr<\/strong><\/a>: Mural de post-its virtual de livre acesso.<br><a href=\"https:\/\/slice.wbrain.me\/\" target=\"_blank\" rel=\"noreferrer noopener\"><strong>slice.wbrain.me<\/strong><\/a>: Uma ferramenta totalmente gratuita para cria\u00e7\u00e3o de murais de discuss\u00e3o colaborativos<\/p>\n\n\n\n<p><strong>Programa de reconhecimento de voz<\/strong>: O <a href=\"https:\/\/www.speechtexter.com\/\" target=\"_blank\" rel=\"noreferrer noopener\">SpeechTexter<\/a> transcreve \u00e1udios de v\u00e1rios idiomas para a linguagem escrita.<\/p>\n\n\n\n<p><strong>Gravador de voz online:<\/strong> <strong><a href=\"https:\/\/vocaroo.com\/\" target=\"_blank\" rel=\"noreferrer noopener\">Vocaroo<\/a><\/strong><\/p>\n\n\n\n<p><strong><a href=\"https:\/\/www.notion.so\/pt-br\" target=\"_blank\" rel=\"noreferrer noopener\">Notion<\/a><\/strong>: Notion \u00e9 uma ferramenta voltada \u00e0 organiza\u00e7\u00e3o. Al\u00e9m de oferecer funcionalidades como o agendamento de tarefas, este recurso possibilita a listagem e o acompanhamento de metas e projetos. Ademais, disponibiliza funcionalidades como o mapeamento de rotina (reflex\u00f5es, acontecimentos importantes, etc.) e o arquivamento de p\u00e1ginas da web a serem lidas.&nbsp;<\/p>\n<\/div>\n\n\n\n<div class=\"wp-block-column is-layout-flow wp-block-column-is-layout-flow\">\n<p><strong>Programas para desenvolvimento de habilidades:<\/strong><br><strong><a href=\"https:\/\/www.academic-englishuk.com\/free\">Academic English UK &#8211; <\/a><\/strong>aux\u00edlio no desenvolvimento da escrita acad\u00eamica. Inclui li\u00e7\u00f5es e planilhas para download.&nbsp;<br><strong><a href=\"https:\/\/www.grammarly.com\/?q=grammar&amp;utm_source=google&amp;utm_medium=cpc&amp;utm_campaign=Search3grammar&amp;utm_content=396932419802&amp;utm_term=%2Bgrammar&amp;matchtype=b&amp;placement=&amp;network=g&amp;gclid=Cj0KCQjwka_1BRCPARIsAMlUmEogby3Fd5gi59PaZ5AFWw9co3AhQtwSmsqshPnBQ18xJMJ01ki8vnoaAhZTEALw_wcB\">Grammarly &#8211; <\/a><\/strong>corretor autom\u00e1tico de ingl\u00eas.<br><strong><a href=\"https:\/\/www.prepareforsuccess.org.uk\/skills_for_presenting_in_seminars.php\">Prepare for Success&nbsp; &nbsp;<\/a><\/strong> apresenta&nbsp; os elementos necess\u00e1rios para uma boa apresenta\u00e7\u00e3o oral, bem como um v\u00eddeo de um aluno apresentando em um semin\u00e1rio para reconhecer algumas t\u00e9cnicas que ele usa e, em seguida, identificar os efeitos do uso de determinadas t\u00e9cnicas. <br><a href=\"https:\/\/pt.forvo.com\/languages\/en\/\"><strong>Forvo<\/strong><\/a> &#8211; dicion\u00e1rio online para melhorar pron\u00fancias.<br><strong><a href=\"https:\/\/lyricstraining.com\/\">Lyricstraining<\/a> <\/strong>&#8211; Neste site o aluno ouve m\u00fasicas a partir de um videoclipe e precisa completar a letra da can\u00e7\u00e3o, a partir do que ele escuta. O n\u00edvel de dificuldade pode ser escolhido pelo aluno.<br><strong><a href=\"https:\/\/learnenglish.britishcouncil.org\/\">British Council&nbsp; &#8211; <\/a><\/strong>Materiais de audi\u00e7\u00e3o e leitura ,&nbsp; gram\u00e1tica&nbsp;&nbsp;e vocabul\u00e1rio<br><strong><a href=\"https:\/\/www.ego4u.com\/\">English Grammar Online&nbsp;<\/a><\/strong><br><strong><a href=\"https:\/\/thedigitalteacher.com\">The Digital Teacher<\/a><\/strong> &#8211; Recursos digitais para professores, com informa\u00e7\u00f5es sobre ferramentas, t\u00e9cnicas e treinamentos para o ensino de l\u00edngua inglesa. <br><strong><a href=\"https:\/\/www.italki.com\/about\">Italki<\/a><\/strong> &#8211; \u00c9 uma comunidade global de aprendizado de idiomas que conecta alunos e professores para aulas de idiomas on-line individuais.&nbsp;<br><\/p>\n\n\n\n<p class=\"has-text-align-left\"><strong>Apps para ensino-aprendizagem de pessoas com S\u00edndrome de Down (SD)<\/strong>:<br><a href=\"http:\/\/www.movimentodown.org.br\/2013\/09\/aplicativos-para-tablets-com-android\/\"><strong>Aplicativos para Tablet com Android<\/strong><\/a><br><a href=\"http:\/\/www.movimentodown.org.br\/2013\/09\/aplicativos-para-ipad\/\"><strong>Aplicativos para iPad<\/strong><\/a><\/p>\n\n\n\n<p><strong><a href=\"https:\/\/wonder.me\/\" target=\"_blank\" rel=\"noreferrer noopener\">Wonder.me<\/a>: <\/strong>Wonder.me \u00e9 um espa\u00e7o virtual interativo para a realiza\u00e7\u00e3o de v\u00eddeoconfer\u00eancias. Al\u00e9m do visual atraente, outras vantagens desse espa\u00e7o s\u00e3o a possibilidade de abrir e circular entre diferentes grupos e a fun\u00e7\u00e3o de abr\u00ed-los e fech\u00e1-los \u00e0 entrada de novos\/as participantes.<\/p>\n\n\n\n<p><strong><a href=\"https:\/\/go.playposit.com\/\" target=\"_blank\" rel=\"noreferrer noopener\">Playposit<\/a>: <\/strong>\u00e9 uma ferramenta que pode auxiliar o\/a docente a criar atividades acerca de v\u00eddeos&nbsp;j\u00e1 disponibilizados na internet. Algumas op\u00e7\u00f5es oferecida por esse recurso s\u00e3o: estabelecimento de \u00eanfase e questionamentos acerca de partes espec\u00edficas dos v\u00eddeos selecionados.<\/p>\n\n\n\n<p><strong><a href=\"http:\/\/spatial.chat\/\" target=\"_blank\" rel=\"noreferrer noopener\">SpatialChat<\/a><\/strong>: \u00e9 um recurso para a realiza\u00e7\u00e3o de videoconfer\u00eancias interativas. Este espa\u00e7o virtual \u00e9 ideal para criar ambientes de co-working. Nele, o link para acesso, o nome da sala e os espa\u00e7os visuais podem ser personalizados.<\/p>\n\n\n\n<p><strong><a href=\"https:\/\/www.classcraft.com\/pt\/\" target=\"_blank\" rel=\"noreferrer noopener\">ClassCraft:<\/a><\/strong> \u00c9 um ambiente virtual ideal para gamifica\u00e7\u0101o. Al\u00e9m de funcionalidades como defini\u00e7\u00f5es de espa\u00e7os, avatares, pontua\u00e7\u00f5es, etc. esse recurso permite o desenvolvimento de uma trajet\u00f3ria narrativa an\u00e1loga aos jogos de avatar.<\/p>\n\n\n\n<p><a href=\"https:\/\/www.gather.town\/\" target=\"_blank\" rel=\"noreferrer noopener\"><strong>Gather<\/strong><\/a>: Ambiente virtual customiz\u00e1vel no estilo 8-bits (imitando visuais de jogos de 1990) para at\u00e9 25 pessoas; vers\u00f5es gratuita e paga dispon\u00edveis.<\/p>\n<\/div>\n<\/div>\n\n\n\n<figure class=\"wp-block-image size-large\"><img loading=\"lazy\" decoding=\"async\" width=\"1024\" height=\"85\" src=\"https:\/\/raple.fclar.unesp.br\/ingles\/wp-content\/uploads\/sites\/3\/2021\/07\/wide_videos-1-1024x85.png\" alt=\"\" class=\"wp-image-897\" srcset=\"https:\/\/raple.fclar.unesp.br\/ingles\/wp-content\/uploads\/sites\/3\/2021\/07\/wide_videos-1-1024x85.png 1024w, https:\/\/raple.fclar.unesp.br\/ingles\/wp-content\/uploads\/sites\/3\/2021\/07\/wide_videos-1-300x25.png 300w, https:\/\/raple.fclar.unesp.br\/ingles\/wp-content\/uploads\/sites\/3\/2021\/07\/wide_videos-1-768x64.png 768w, https:\/\/raple.fclar.unesp.br\/ingles\/wp-content\/uploads\/sites\/3\/2021\/07\/wide_videos-1.png 1080w\" sizes=\"auto, (max-width: 1024px) 100vw, 1024px\" \/><\/figure>\n\n\n\n<div class=\"wp-block-columns is-layout-flex wp-container-core-columns-is-layout-9d6595d7 wp-block-columns-is-layout-flex\">\n<div class=\"wp-block-column is-layout-flow wp-block-column-is-layout-flow\">\n<p><strong>R\u00e1dios:<br><\/strong><a href=\"http:\/\/fxalternativeradio.com\/\">FX Alternative Radio<\/a><br><a href=\"https:\/\/kiisfm.iheart.com\/\">KIIS FM<\/a><br><a href=\"http:\/\/www.espn.com\/newyork\/radio\/\">ESPN<\/a><br><a href=\"http:\/\/radio.garden\/\">Radio Garden<\/a> <a href=\"https:\/\/youtu.be\/i7d6Hc42RoA\">(Tutorial em Ingl\u00eas)<\/a><\/p>\n\n\n\n<p><strong>TED Talks:<\/strong> O site <strong><a href=\"https:\/\/www.ted.com\/\">TED: Ideas worth spreading<\/a><\/strong> hospeda diversas palestras de v\u00e1rios temas, em ingl\u00eas.<\/p>\n\n\n\n<p><strong><a href=\"https:\/\/www.jamendo.com\/?language=pt\" target=\"_blank\" rel=\"noreferrer noopener\">Jamendo Music<\/a><\/strong> = \u00c9 uma comunidade de m\u00fasica relativamente livre. Por meio do pagamento de uma assinatura, docentes e discentes podem acessar m\u00fasicas livres de direitos autorais e utiliz\u00e1-las em trabalhos como a produ\u00e7\u00e3o de filmes, document\u00e1rios, pe\u00e7as teatrais, etc.<\/p>\n\n\n\n<p><strong><a href=\"https:\/\/www.imdb.com\/\" target=\"_blank\" rel=\"noreferrer noopener\">IMDb Filmes<\/a> =<\/strong> IMDb Filmes\u00e9 um aplicativo voltado ao mundo do audiovisual. Nesta ferramenta, s\u00e3o apresentados v\u00eddeos, avalia\u00e7\u00f5es e outras informa\u00e7\u00f5es sobre filmes, s\u00e9ries, comerciais, atrizes e atores. Outras fun\u00e7\u00f5es do recurso s\u00e3o a possibilidade de se atribuir notas e criar listas relativas aos filmes assistidos.&nbsp;&nbsp;&nbsp;<\/p>\n<\/div>\n\n\n\n<div class=\"wp-block-column is-layout-flow wp-block-column-is-layout-flow\">\n<p><a href=\"https:\/\/mocambos.net\/tambor\/pt\/baobaxia\" target=\"_blank\" rel=\"noreferrer noopener\"><strong>Baob\u00e1xia<\/strong> <\/a>=&nbsp; \u00c9 um reposit\u00f3rio de diferentes m\u00eddias (imagens, \u00e1udios e v\u00eddeos), que podem ser acessados virtualmente ou baixados. Este espa\u00e7o digital se destina ao compartilhamento e \u00e0 conserva\u00e7\u00e3o da cultura de sociedades afro-brasileiras e ind\u00edgenas e, portanto, disponibiliza materiais relacionados a essas comunidades.<\/p>\n\n\n\n<p class=\"has-text-align-left\">Esses sites oferecem <strong>v\u00eddeos <\/strong>que podem ser usados para o ensino-aprendizado de l\u00ednguas:<br><a href=\"https:\/\/www.eslvideo.com\/\">ESL v\u00eddeo<\/a><br><a href=\"https:\/\/www.youtube.com\/\">Youtube<\/a><br><a href=\"https:\/\/www.ellentube.com\/\">Ellentube <\/a><br>(Para entender mais a respeito desses sites, assista aos nossos tutoriais clicando <a href=\"https:\/\/cel.fclar.unesp.br\/ingles\/tutoriais-de-plataformas-digitais\/\">aqui<\/a>)<\/p>\n\n\n\n<p><strong><a href=\"https:\/\/soundsofspeech.uiowa.edu\/\" target=\"_blank\" rel=\"noreferrer noopener\">Sounds of Speech<\/a><\/strong> &#8211; &nbsp;Sounds of Speech \u00e9 uma ferramenta da Universidade de Iowa, no qual pode-se observar a forma\u00e7\u00e3o do som dentro da boca por meio de anima\u00e7\u00f5es, v\u00eddeos e trechos de \u00e1udios. Al\u00e9m do ingl\u00eas, est\u00e3o dispon\u00edveis espanhol e alem\u00e3o.<\/p>\n<\/div>\n<\/div>\n\n\n\n<figure class=\"wp-block-image size-large\"><img loading=\"lazy\" decoding=\"async\" width=\"1024\" height=\"85\" src=\"https:\/\/raple.fclar.unesp.br\/ingles\/wp-content\/uploads\/sites\/3\/2021\/07\/wide_leituras-1-1024x85.png\" alt=\"\" class=\"wp-image-898\" srcset=\"https:\/\/raple.fclar.unesp.br\/ingles\/wp-content\/uploads\/sites\/3\/2021\/07\/wide_leituras-1-1024x85.png 1024w, https:\/\/raple.fclar.unesp.br\/ingles\/wp-content\/uploads\/sites\/3\/2021\/07\/wide_leituras-1-300x25.png 300w, https:\/\/raple.fclar.unesp.br\/ingles\/wp-content\/uploads\/sites\/3\/2021\/07\/wide_leituras-1-768x64.png 768w, https:\/\/raple.fclar.unesp.br\/ingles\/wp-content\/uploads\/sites\/3\/2021\/07\/wide_leituras-1.png 1080w\" sizes=\"auto, (max-width: 1024px) 100vw, 1024px\" \/><\/figure>\n\n\n\n<div class=\"wp-block-columns is-layout-flex wp-container-core-columns-is-layout-9d6595d7 wp-block-columns-is-layout-flex\">\n<div class=\"wp-block-column is-layout-flow wp-block-column-is-layout-flow\">\n<p><strong><a href=\"https:\/\/learnenglish.britishcouncil.org\/\">British Council&nbsp; &#8211; <\/a><\/strong>Materiais de audi\u00e7\u00e3o e leitura ,&nbsp; gram\u00e1tica&nbsp;&nbsp;e vocabul\u00e1rio<\/p>\n\n\n\n<p><strong><a href=\"https:\/\/www.baleap.org\/\">BALEAP &#8211; <\/a><\/strong>apoia o desenvolvimento profissional de pessoas envolvidas em aprendizagem, ensino e pesquisas em ingl\u00eas para fins acad\u00eamicos (EAP).<\/p>\n\n\n\n<p><a href=\"https:\/\/elt.oup.com\/?cc=br&amp;selLanguage=pt\"><strong>Oxford University Press&nbsp;<\/strong><\/a><\/p>\n\n\n\n<p><a href=\"https:\/\/www.foxit.com\/pt-br\/pdf-reader\/\"><strong>Foxit Reader<\/strong><\/a> &#8211; Um dos melhores softwares para leitura de PDF e outros documentos.<\/p>\n\n\n\n<p><\/p>\n\n\n\n<p><strong>Dicion\u00e1rios:<\/strong><br><a href=\"https:\/\/dictionary.cambridge.org\/pt\/\"><strong>Cambridge Dictionary<\/strong><\/a><br><a href=\"https:\/\/en.oxforddictionaries.com\/english\"><strong>Oxford Dictionary<\/strong><\/a><br><a href=\"https:\/\/www.ldoceonline.com\/\"><strong>Longman Dictionary<\/strong><\/a><\/p>\n<\/div>\n\n\n\n<div class=\"wp-block-column is-layout-flow wp-block-column-is-layout-flow\">\n<p><strong>Jornais:<br><\/strong><a href=\"https:\/\/edition.cnn.com\/\"><strong>CNN<\/strong><\/a><br><a href=\"https:\/\/www.foxnews.com\/\"><strong>Fox News<\/strong><\/a><br><a href=\"https:\/\/www.usatoday.com\/\"><strong>USA Today<\/strong><\/a><\/p>\n<\/div>\n<\/div>\n","protected":false},"excerpt":{"rendered":"<p>Cambridge Dictionary O Dicion\u00e1rio Cambridge \u00e9 uma ferramenta online ligada \u00e0 Universidade de Cambridge, institui\u00e7\u00e3o localizada no leste da Inglaterra. Al\u00e9m de ser um dicion\u00e1rio monol\u00edngue, destinado \u00e0 defini\u00e7\u00e3o de termos do ingl\u00eas, ele tamb\u00e9m disponibiliza: a pron\u00fancia estadunidense e a inglesa; exemplos de usos lexicais; explica\u00e7\u00f5es sobre as d\u00favidas [&hellip;]<\/p>\n","protected":false},"author":19,"featured_media":895,"parent":0,"menu_order":0,"comment_status":"closed","ping_status":"closed","template":"","meta":{"_monsterinsights_skip_tracking":false,"_monsterinsights_sitenote_active":false,"_monsterinsights_sitenote_note":"","_monsterinsights_sitenote_category":0,"footnotes":""},"class_list":["post-878","page","type-page","status-publish","has-post-thumbnail","hentry"],"_links":{"self":[{"href":"https:\/\/raple.fclar.unesp.br\/ingles\/wp-json\/wp\/v2\/pages\/878","targetHints":{"allow":["GET"]}}],"collection":[{"href":"https:\/\/raple.fclar.unesp.br\/ingles\/wp-json\/wp\/v2\/pages"}],"about":[{"href":"https:\/\/raple.fclar.unesp.br\/ingles\/wp-json\/wp\/v2\/types\/page"}],"author":[{"embeddable":true,"href":"https:\/\/raple.fclar.unesp.br\/ingles\/wp-json\/wp\/v2\/users\/19"}],"replies":[{"embeddable":true,"href":"https:\/\/raple.fclar.unesp.br\/ingles\/wp-json\/wp\/v2\/comments?post=878"}],"version-history":[{"count":37,"href":"https:\/\/raple.fclar.unesp.br\/ingles\/wp-json\/wp\/v2\/pages\/878\/revisions"}],"predecessor-version":[{"id":1190,"href":"https:\/\/raple.fclar.unesp.br\/ingles\/wp-json\/wp\/v2\/pages\/878\/revisions\/1190"}],"wp:featuredmedia":[{"embeddable":true,"href":"https:\/\/raple.fclar.unesp.br\/ingles\/wp-json\/wp\/v2\/media\/895"}],"wp:attachment":[{"href":"https:\/\/raple.fclar.unesp.br\/ingles\/wp-json\/wp\/v2\/media?parent=878"}],"curies":[{"name":"wp","href":"https:\/\/api.w.org\/{rel}","templated":true}]}}